{"id":2725,"date":"2025-02-27T18:13:41","date_gmt":"2025-02-27T17:13:41","guid":{"rendered":"https:\/\/bodhinautic.com\/?post_type=product&#038;p=2725"},"modified":"2025-05-29T14:13:55","modified_gmt":"2025-05-29T12:13:55","slug":"retales-tejidos-neopreno","status":"publish","type":"product","link":"https:\/\/bodhinautic.com\/tienda\/producto\/retales-tejidos-neopreno\/","title":{"rendered":"Retales tejidos neopreno"},"content":{"rendered":"<p><span data-sheets-root=\"1\">1) Seleccione el color del tejido que neceistes dentro de las 3 categor\u00edas propuestas (Est\u00e1ndar, Especial, Carb\u00f3n alveolar)<br \/>\n2) Elige el tama\u00f1o que mejor se adapte a tu uso espec\u00edfico<\/span><\/p>\n<p>Recibir\u00e1s el art\u00edculo ya lijado y listo para pegar.<\/p>\n","protected":false},"excerpt":{"rendered":"<p>1) Seleccione el color del tejido que neceistes dentro de las 3 categor\u00edas propuestas (Est\u00e1ndar, Especial, Carb\u00f3n alveolar) 2) Elige el tama\u00f1o que mejor se adapte a tu uso espec\u00edfico Recibir\u00e1s el art\u00edculo ya lijado y listo para pegar.<\/p>\n","protected":false},"featured_media":3395,"template":"","meta":{"_acf_changed":false,"_joinchat":[]},"product_brand":[],"product_cat":[50,52],"product_tag":[],"class_list":{"0":"post-2725","1":"product","2":"type-product","3":"status-publish","4":"has-post-thumbnail","6":"product_cat-reparacion","7":"product_cat-tejido-neopreno","9":"first","10":"instock","11":"featured","12":"taxable","13":"shipping-taxable","14":"purchasable","15":"product-type-variable"},"acf":[],"yoast_head":"<!-- This site is optimized with the Yoast SEO plugin v26.9 - https:\/\/yoast.com\/product\/yoast-seo-wordpress\/ -->\n<title>Retales tejidos neopreno - Bodhinautic<\/title>\n<meta name=\"robots\" content=\"index, follow, max-snippet:-1, max-image-preview:large, max-video-preview:-1\" \/>\n<link rel=\"canonical\" href=\"https:\/\/bodhinautic.com\/tienda\/producto\/retales-tejidos-neopreno\/\" \/>\n<meta property=\"og:locale\" content=\"es_ES\" \/>\n<meta property=\"og:type\" content=\"article\" \/>\n<meta property=\"og:title\" content=\"Retales tejidos neopreno - Bodhinautic\" \/>\n<meta property=\"og:description\" content=\"1) Seleccione el color del tejido que neceistes dentro de las 3 categor\u00edas propuestas (Est\u00e1ndar, Especial, Carb\u00f3n alveolar) 2) Elige el tama\u00f1o que mejor se adapte a tu uso espec\u00edfico Recibir\u00e1s el art\u00edculo ya lijado y listo para pegar.\" \/>\n<meta property=\"og:url\" content=\"https:\/\/bodhinautic.com\/tienda\/producto\/retales-tejidos-neopreno\/\" \/>\n<meta property=\"og:site_name\" content=\"Bodhinautic\" \/>\n<meta property=\"article:modified_time\" content=\"2025-05-29T12:13:55+00:00\" \/>\n<meta property=\"og:image\" content=\"https:\/\/bodhinautic.com\/tienda\/wp-content\/uploads\/2025\/02\/20250529_134120-scaled.jpg\" \/>\n\t<meta property=\"og:image:width\" content=\"2560\" \/>\n\t<meta property=\"og:image:height\" content=\"1920\" \/>\n\t<meta property=\"og:image:type\" content=\"image\/jpeg\" \/>\n<meta name=\"twitter:card\" content=\"summary_large_image\" \/>\n<meta name=\"twitter:label1\" content=\"Tiempo de lectura\" \/>\n\t<meta name=\"twitter:data1\" content=\"1 minuto\" \/>\n<script type=\"application\/ld+json\" class=\"yoast-schema-graph\">{\"@context\":\"https:\/\/schema.org\",\"@graph\":[{\"@type\":\"WebPage\",\"@id\":\"https:\/\/bodhinautic.com\/tienda\/producto\/retales-tejidos-neopreno\/\",\"url\":\"https:\/\/bodhinautic.com\/tienda\/producto\/retales-tejidos-neopreno\/\",\"name\":\"Retales tejidos neopreno - Bodhinautic\",\"isPartOf\":{\"@id\":\"https:\/\/bodhinautic.com\/tienda\/#website\"},\"primaryImageOfPage\":{\"@id\":\"https:\/\/bodhinautic.com\/tienda\/producto\/retales-tejidos-neopreno\/#primaryimage\"},\"image\":{\"@id\":\"https:\/\/bodhinautic.com\/tienda\/producto\/retales-tejidos-neopreno\/#primaryimage\"},\"thumbnailUrl\":\"https:\/\/bodhinautic.com\/tienda\/wp-content\/uploads\/2025\/02\/20250529_134120-scaled.jpg\",\"datePublished\":\"2025-02-27T17:13:41+00:00\",\"dateModified\":\"2025-05-29T12:13:55+00:00\",\"breadcrumb\":{\"@id\":\"https:\/\/bodhinautic.com\/tienda\/producto\/retales-tejidos-neopreno\/#breadcrumb\"},\"inLanguage\":\"es\",\"potentialAction\":[{\"@type\":\"ReadAction\",\"target\":[\"https:\/\/bodhinautic.com\/tienda\/producto\/retales-tejidos-neopreno\/\"]}]},{\"@type\":\"ImageObject\",\"inLanguage\":\"es\",\"@id\":\"https:\/\/bodhinautic.com\/tienda\/producto\/retales-tejidos-neopreno\/#primaryimage\",\"url\":\"https:\/\/bodhinautic.com\/tienda\/wp-content\/uploads\/2025\/02\/20250529_134120-scaled.jpg\",\"contentUrl\":\"https:\/\/bodhinautic.com\/tienda\/wp-content\/uploads\/2025\/02\/20250529_134120-scaled.jpg\",\"width\":2560,\"height\":1920},{\"@type\":\"BreadcrumbList\",\"@id\":\"https:\/\/bodhinautic.com\/tienda\/producto\/retales-tejidos-neopreno\/#breadcrumb\",\"itemListElement\":[{\"@type\":\"ListItem\",\"position\":1,\"name\":\"Portada\",\"item\":\"https:\/\/bodhinautic.com\/tienda\/\"},{\"@type\":\"ListItem\",\"position\":2,\"name\":\"Tienda\",\"item\":\"https:\/\/bodhinautic.com\/tienda\/\"},{\"@type\":\"ListItem\",\"position\":3,\"name\":\"Retales tejidos neopreno\"}]},{\"@type\":\"WebSite\",\"@id\":\"https:\/\/bodhinautic.com\/tienda\/#website\",\"url\":\"https:\/\/bodhinautic.com\/tienda\/\",\"name\":\"Bodhinautic\",\"description\":\"\",\"publisher\":{\"@id\":\"https:\/\/bodhinautic.com\/tienda\/#organization\"},\"potentialAction\":[{\"@type\":\"SearchAction\",\"target\":{\"@type\":\"EntryPoint\",\"urlTemplate\":\"https:\/\/bodhinautic.com\/tienda\/?s={search_term_string}\"},\"query-input\":{\"@type\":\"PropertyValueSpecification\",\"valueRequired\":true,\"valueName\":\"search_term_string\"}}],\"inLanguage\":\"es\"},{\"@type\":\"Organization\",\"@id\":\"https:\/\/bodhinautic.com\/tienda\/#organization\",\"name\":\"Bodhinautic\",\"url\":\"https:\/\/bodhinautic.com\/tienda\/\",\"logo\":{\"@type\":\"ImageObject\",\"inLanguage\":\"es\",\"@id\":\"https:\/\/bodhinautic.com\/tienda\/#\/schema\/logo\/image\/\",\"url\":\"https:\/\/bodhinautic.com\/wp-content\/uploads\/2024\/01\/BN_LOGO_nuevo.png\",\"contentUrl\":\"https:\/\/bodhinautic.com\/wp-content\/uploads\/2024\/01\/BN_LOGO_nuevo.png\",\"width\":600,\"height\":247,\"caption\":\"Bodhinautic\"},\"image\":{\"@id\":\"https:\/\/bodhinautic.com\/tienda\/#\/schema\/logo\/image\/\"}}]}<\/script>\n<!-- \/ Yoast SEO plugin. -->","yoast_head_json":{"title":"Retales tejidos neopreno - Bodhinautic","robots":{"index":"index","follow":"follow","max-snippet":"max-snippet:-1","max-image-preview":"max-image-preview:large","max-video-preview":"max-video-preview:-1"},"canonical":"https:\/\/bodhinautic.com\/tienda\/producto\/retales-tejidos-neopreno\/","og_locale":"es_ES","og_type":"article","og_title":"Retales tejidos neopreno - Bodhinautic","og_description":"1) Seleccione el color del tejido que neceistes dentro de las 3 categor\u00edas propuestas (Est\u00e1ndar, Especial, Carb\u00f3n alveolar) 2) Elige el tama\u00f1o que mejor se adapte a tu uso espec\u00edfico Recibir\u00e1s el art\u00edculo ya lijado y listo para pegar.","og_url":"https:\/\/bodhinautic.com\/tienda\/producto\/retales-tejidos-neopreno\/","og_site_name":"Bodhinautic","article_modified_time":"2025-05-29T12:13:55+00:00","og_image":[{"width":2560,"height":1920,"url":"https:\/\/bodhinautic.com\/tienda\/wp-content\/uploads\/2025\/02\/20250529_134120-scaled.jpg","type":"image\/jpeg"}],"twitter_card":"summary_large_image","twitter_misc":{"Tiempo de lectura":"1 minuto"},"schema":{"@context":"https:\/\/schema.org","@graph":[{"@type":"WebPage","@id":"https:\/\/bodhinautic.com\/tienda\/producto\/retales-tejidos-neopreno\/","url":"https:\/\/bodhinautic.com\/tienda\/producto\/retales-tejidos-neopreno\/","name":"Retales tejidos neopreno - Bodhinautic","isPartOf":{"@id":"https:\/\/bodhinautic.com\/tienda\/#website"},"primaryImageOfPage":{"@id":"https:\/\/bodhinautic.com\/tienda\/producto\/retales-tejidos-neopreno\/#primaryimage"},"image":{"@id":"https:\/\/bodhinautic.com\/tienda\/producto\/retales-tejidos-neopreno\/#primaryimage"},"thumbnailUrl":"https:\/\/bodhinautic.com\/tienda\/wp-content\/uploads\/2025\/02\/20250529_134120-scaled.jpg","datePublished":"2025-02-27T17:13:41+00:00","dateModified":"2025-05-29T12:13:55+00:00","breadcrumb":{"@id":"https:\/\/bodhinautic.com\/tienda\/producto\/retales-tejidos-neopreno\/#breadcrumb"},"inLanguage":"es","potentialAction":[{"@type":"ReadAction","target":["https:\/\/bodhinautic.com\/tienda\/producto\/retales-tejidos-neopreno\/"]}]},{"@type":"ImageObject","inLanguage":"es","@id":"https:\/\/bodhinautic.com\/tienda\/producto\/retales-tejidos-neopreno\/#primaryimage","url":"https:\/\/bodhinautic.com\/tienda\/wp-content\/uploads\/2025\/02\/20250529_134120-scaled.jpg","contentUrl":"https:\/\/bodhinautic.com\/tienda\/wp-content\/uploads\/2025\/02\/20250529_134120-scaled.jpg","width":2560,"height":1920},{"@type":"BreadcrumbList","@id":"https:\/\/bodhinautic.com\/tienda\/producto\/retales-tejidos-neopreno\/#breadcrumb","itemListElement":[{"@type":"ListItem","position":1,"name":"Portada","item":"https:\/\/bodhinautic.com\/tienda\/"},{"@type":"ListItem","position":2,"name":"Tienda","item":"https:\/\/bodhinautic.com\/tienda\/"},{"@type":"ListItem","position":3,"name":"Retales tejidos neopreno"}]},{"@type":"WebSite","@id":"https:\/\/bodhinautic.com\/tienda\/#website","url":"https:\/\/bodhinautic.com\/tienda\/","name":"Bodhinautic","description":"","publisher":{"@id":"https:\/\/bodhinautic.com\/tienda\/#organization"},"potentialAction":[{"@type":"SearchAction","target":{"@type":"EntryPoint","urlTemplate":"https:\/\/bodhinautic.com\/tienda\/?s={search_term_string}"},"query-input":{"@type":"PropertyValueSpecification","valueRequired":true,"valueName":"search_term_string"}}],"inLanguage":"es"},{"@type":"Organization","@id":"https:\/\/bodhinautic.com\/tienda\/#organization","name":"Bodhinautic","url":"https:\/\/bodhinautic.com\/tienda\/","logo":{"@type":"ImageObject","inLanguage":"es","@id":"https:\/\/bodhinautic.com\/tienda\/#\/schema\/logo\/image\/","url":"https:\/\/bodhinautic.com\/wp-content\/uploads\/2024\/01\/BN_LOGO_nuevo.png","contentUrl":"https:\/\/bodhinautic.com\/wp-content\/uploads\/2024\/01\/BN_LOGO_nuevo.png","width":600,"height":247,"caption":"Bodhinautic"},"image":{"@id":"https:\/\/bodhinautic.com\/tienda\/#\/schema\/logo\/image\/"}}]}},"_links":{"self":[{"href":"https:\/\/bodhinautic.com\/tienda\/wp-json\/wp\/v2\/product\/2725","targetHints":{"allow":["GET"]}}],"collection":[{"href":"https:\/\/bodhinautic.com\/tienda\/wp-json\/wp\/v2\/product"}],"about":[{"href":"https:\/\/bodhinautic.com\/tienda\/wp-json\/wp\/v2\/types\/product"}],"wp:featuredmedia":[{"embeddable":true,"href":"https:\/\/bodhinautic.com\/tienda\/wp-json\/wp\/v2\/media\/3395"}],"wp:attachment":[{"href":"https:\/\/bodhinautic.com\/tienda\/wp-json\/wp\/v2\/media?parent=2725"}],"wp:term":[{"taxonomy":"product_brand","embeddable":true,"href":"https:\/\/bodhinautic.com\/tienda\/wp-json\/wp\/v2\/product_brand?post=2725"},{"taxonomy":"product_cat","embeddable":true,"href":"https:\/\/bodhinautic.com\/tienda\/wp-json\/wp\/v2\/product_cat?post=2725"},{"taxonomy":"product_tag","embeddable":true,"href":"https:\/\/bodhinautic.com\/tienda\/wp-json\/wp\/v2\/product_tag?post=2725"}],"curies":[{"name":"wp","href":"https:\/\/api.w.org\/{rel}","templated":true}]}}