{"id":2704,"date":"2025-02-17T18:08:22","date_gmt":"2025-02-17T17:08:22","guid":{"rendered":"https:\/\/bodhinautic.com\/?post_type=product&#038;p=2704"},"modified":"2025-07-23T09:11:58","modified_gmt":"2025-07-23T07:11:58","slug":"zepellin-22vpro","status":"publish","type":"product","link":"https:\/\/bodhinautic.com\/tienda\/producto\/zepellin-22vpro\/","title":{"rendered":"Bodhi 1 &#8211; Zepellin 22VPRO"},"content":{"rendered":"<p>Siente la emoci\u00f3n de surcar el mar a velocidades de hasta 40 nudos mientras descubres los rincones m\u00e1s espectaculares de la Costa Brava. Dise\u00f1ada para compartir momentos inolvidables con familia y amigos, esta semirr\u00edgida combina adrenalina y confort: sol\u00e1rium en proa para relajarse bajo el sol, un T-Top extensible que ofrece sombra cuando m\u00e1s la necesitas, y un completo equipamiento que incluye mesa trasera, nevera, equipo de m\u00fasica y luces de cortes\u00eda y acu\u00e1ticas, para que la aventura contin\u00fae incluso bajo la luna.<\/p>\n","protected":false},"excerpt":{"rendered":"<p>Siente la emoci\u00f3n de surcar el mar a velocidades de hasta 40 nudos mientras descubres los rincones m\u00e1s espectaculares de la Costa Brava. Dise\u00f1ada para compartir momentos inolvidables con familia y amigos, esta semirr\u00edgida combina adrenalina y confort: sol\u00e1rium en proa para relajarse bajo el sol, un T-Top extensible que ofrece sombra cuando m\u00e1s la &#8230; <a title=\"Bodhi 1 &#8211; Zepellin 22VPRO\" class=\"read-more\" href=\"https:\/\/bodhinautic.com\/tienda\/producto\/zepellin-22vpro\/\" aria-label=\"Leer m\u00e1s sobre Bodhi 1 &#8211; Zepellin 22VPRO\">Leer m\u00e1s<\/a><\/p>\n","protected":false},"featured_media":2984,"template":"","meta":{"_acf_changed":false,"_joinchat":[]},"product_brand":[],"product_cat":[66,63],"product_tag":[],"class_list":{"0":"post-2704","1":"product","2":"type-product","3":"status-publish","4":"has-post-thumbnail","6":"product_cat-bodhiribs","7":"product_cat-embarcaciones","9":"first","10":"instock","11":"product-type-simple"},"acf":[],"yoast_head":"<!-- This site is optimized with the Yoast SEO plugin v26.9 - https:\/\/yoast.com\/product\/yoast-seo-wordpress\/ -->\n<title>Bodhi 1 - Zepellin 22VPRO - Bodhinautic<\/title>\n<meta name=\"description\" content=\"Navega a 40 nudos y explora la Costa Brava con esta semirr\u00edgida. Confort, adrenalina y equipamiento premium para disfrutar de d\u00eda y de noche.\" \/>\n<meta name=\"robots\" content=\"index, follow, max-snippet:-1, max-image-preview:large, max-video-preview:-1\" \/>\n<link rel=\"canonical\" href=\"https:\/\/bodhinautic.com\/tienda\/producto\/zepellin-22vpro\/\" \/>\n<meta property=\"og:locale\" content=\"es_ES\" \/>\n<meta property=\"og:type\" content=\"article\" \/>\n<meta property=\"og:title\" content=\"Bodhi 1 - Zepellin 22VPRO - Bodhinautic\" \/>\n<meta property=\"og:description\" content=\"Navega a 40 nudos y explora la Costa Brava con esta semirr\u00edgida. Confort, adrenalina y equipamiento premium para disfrutar de d\u00eda y de noche.\" \/>\n<meta property=\"og:url\" content=\"https:\/\/bodhinautic.com\/tienda\/producto\/zepellin-22vpro\/\" \/>\n<meta property=\"og:site_name\" content=\"Bodhinautic\" \/>\n<meta property=\"article:modified_time\" content=\"2025-07-23T07:11:58+00:00\" \/>\n<meta property=\"og:image\" content=\"https:\/\/bodhinautic.com\/tienda\/wp-content\/uploads\/2025\/02\/Zepellin-Principal.jpg\" \/>\n\t<meta property=\"og:image:width\" content=\"1728\" \/>\n\t<meta property=\"og:image:height\" content=\"974\" \/>\n\t<meta property=\"og:image:type\" content=\"image\/jpeg\" \/>\n<meta name=\"twitter:card\" content=\"summary_large_image\" \/>\n<meta name=\"twitter:label1\" content=\"Tiempo de lectura\" \/>\n\t<meta name=\"twitter:data1\" content=\"1 minuto\" \/>\n<script type=\"application\/ld+json\" class=\"yoast-schema-graph\">{\"@context\":\"https:\/\/schema.org\",\"@graph\":[{\"@type\":\"WebPage\",\"@id\":\"https:\/\/bodhinautic.com\/tienda\/producto\/zepellin-22vpro\/\",\"url\":\"https:\/\/bodhinautic.com\/tienda\/producto\/zepellin-22vpro\/\",\"name\":\"Bodhi 1 - Zepellin 22VPRO - Bodhinautic\",\"isPartOf\":{\"@id\":\"https:\/\/bodhinautic.com\/tienda\/#website\"},\"primaryImageOfPage\":{\"@id\":\"https:\/\/bodhinautic.com\/tienda\/producto\/zepellin-22vpro\/#primaryimage\"},\"image\":{\"@id\":\"https:\/\/bodhinautic.com\/tienda\/producto\/zepellin-22vpro\/#primaryimage\"},\"thumbnailUrl\":\"https:\/\/bodhinautic.com\/tienda\/wp-content\/uploads\/2025\/02\/Zepellin-Principal.jpg\",\"datePublished\":\"2025-02-17T17:08:22+00:00\",\"dateModified\":\"2025-07-23T07:11:58+00:00\",\"description\":\"Navega a 40 nudos y explora la Costa Brava con esta semirr\u00edgida. Confort, adrenalina y equipamiento premium para disfrutar de d\u00eda y de noche.\",\"breadcrumb\":{\"@id\":\"https:\/\/bodhinautic.com\/tienda\/producto\/zepellin-22vpro\/#breadcrumb\"},\"inLanguage\":\"es\",\"potentialAction\":[{\"@type\":\"ReadAction\",\"target\":[\"https:\/\/bodhinautic.com\/tienda\/producto\/zepellin-22vpro\/\"]}]},{\"@type\":\"ImageObject\",\"inLanguage\":\"es\",\"@id\":\"https:\/\/bodhinautic.com\/tienda\/producto\/zepellin-22vpro\/#primaryimage\",\"url\":\"https:\/\/bodhinautic.com\/tienda\/wp-content\/uploads\/2025\/02\/Zepellin-Principal.jpg\",\"contentUrl\":\"https:\/\/bodhinautic.com\/tienda\/wp-content\/uploads\/2025\/02\/Zepellin-Principal.jpg\",\"width\":1728,\"height\":974},{\"@type\":\"BreadcrumbList\",\"@id\":\"https:\/\/bodhinautic.com\/tienda\/producto\/zepellin-22vpro\/#breadcrumb\",\"itemListElement\":[{\"@type\":\"ListItem\",\"position\":1,\"name\":\"Portada\",\"item\":\"https:\/\/bodhinautic.com\/tienda\/\"},{\"@type\":\"ListItem\",\"position\":2,\"name\":\"Tienda\",\"item\":\"https:\/\/bodhinautic.com\/tienda\/\"},{\"@type\":\"ListItem\",\"position\":3,\"name\":\"Bodhi 1 &#8211; Zepellin 22VPRO\"}]},{\"@type\":\"WebSite\",\"@id\":\"https:\/\/bodhinautic.com\/tienda\/#website\",\"url\":\"https:\/\/bodhinautic.com\/tienda\/\",\"name\":\"Bodhinautic\",\"description\":\"\",\"publisher\":{\"@id\":\"https:\/\/bodhinautic.com\/tienda\/#organization\"},\"potentialAction\":[{\"@type\":\"SearchAction\",\"target\":{\"@type\":\"EntryPoint\",\"urlTemplate\":\"https:\/\/bodhinautic.com\/tienda\/?s={search_term_string}\"},\"query-input\":{\"@type\":\"PropertyValueSpecification\",\"valueRequired\":true,\"valueName\":\"search_term_string\"}}],\"inLanguage\":\"es\"},{\"@type\":\"Organization\",\"@id\":\"https:\/\/bodhinautic.com\/tienda\/#organization\",\"name\":\"Bodhinautic\",\"url\":\"https:\/\/bodhinautic.com\/tienda\/\",\"logo\":{\"@type\":\"ImageObject\",\"inLanguage\":\"es\",\"@id\":\"https:\/\/bodhinautic.com\/tienda\/#\/schema\/logo\/image\/\",\"url\":\"https:\/\/bodhinautic.com\/wp-content\/uploads\/2024\/01\/BN_LOGO_nuevo.png\",\"contentUrl\":\"https:\/\/bodhinautic.com\/wp-content\/uploads\/2024\/01\/BN_LOGO_nuevo.png\",\"width\":600,\"height\":247,\"caption\":\"Bodhinautic\"},\"image\":{\"@id\":\"https:\/\/bodhinautic.com\/tienda\/#\/schema\/logo\/image\/\"}}]}<\/script>\n<!-- \/ Yoast SEO plugin. -->","yoast_head_json":{"title":"Bodhi 1 - Zepellin 22VPRO - Bodhinautic","description":"Navega a 40 nudos y explora la Costa Brava con esta semirr\u00edgida. Confort, adrenalina y equipamiento premium para disfrutar de d\u00eda y de noche.","robots":{"index":"index","follow":"follow","max-snippet":"max-snippet:-1","max-image-preview":"max-image-preview:large","max-video-preview":"max-video-preview:-1"},"canonical":"https:\/\/bodhinautic.com\/tienda\/producto\/zepellin-22vpro\/","og_locale":"es_ES","og_type":"article","og_title":"Bodhi 1 - Zepellin 22VPRO - Bodhinautic","og_description":"Navega a 40 nudos y explora la Costa Brava con esta semirr\u00edgida. Confort, adrenalina y equipamiento premium para disfrutar de d\u00eda y de noche.","og_url":"https:\/\/bodhinautic.com\/tienda\/producto\/zepellin-22vpro\/","og_site_name":"Bodhinautic","article_modified_time":"2025-07-23T07:11:58+00:00","og_image":[{"width":1728,"height":974,"url":"https:\/\/bodhinautic.com\/tienda\/wp-content\/uploads\/2025\/02\/Zepellin-Principal.jpg","type":"image\/jpeg"}],"twitter_card":"summary_large_image","twitter_misc":{"Tiempo de lectura":"1 minuto"},"schema":{"@context":"https:\/\/schema.org","@graph":[{"@type":"WebPage","@id":"https:\/\/bodhinautic.com\/tienda\/producto\/zepellin-22vpro\/","url":"https:\/\/bodhinautic.com\/tienda\/producto\/zepellin-22vpro\/","name":"Bodhi 1 - Zepellin 22VPRO - Bodhinautic","isPartOf":{"@id":"https:\/\/bodhinautic.com\/tienda\/#website"},"primaryImageOfPage":{"@id":"https:\/\/bodhinautic.com\/tienda\/producto\/zepellin-22vpro\/#primaryimage"},"image":{"@id":"https:\/\/bodhinautic.com\/tienda\/producto\/zepellin-22vpro\/#primaryimage"},"thumbnailUrl":"https:\/\/bodhinautic.com\/tienda\/wp-content\/uploads\/2025\/02\/Zepellin-Principal.jpg","datePublished":"2025-02-17T17:08:22+00:00","dateModified":"2025-07-23T07:11:58+00:00","description":"Navega a 40 nudos y explora la Costa Brava con esta semirr\u00edgida. Confort, adrenalina y equipamiento premium para disfrutar de d\u00eda y de noche.","breadcrumb":{"@id":"https:\/\/bodhinautic.com\/tienda\/producto\/zepellin-22vpro\/#breadcrumb"},"inLanguage":"es","potentialAction":[{"@type":"ReadAction","target":["https:\/\/bodhinautic.com\/tienda\/producto\/zepellin-22vpro\/"]}]},{"@type":"ImageObject","inLanguage":"es","@id":"https:\/\/bodhinautic.com\/tienda\/producto\/zepellin-22vpro\/#primaryimage","url":"https:\/\/bodhinautic.com\/tienda\/wp-content\/uploads\/2025\/02\/Zepellin-Principal.jpg","contentUrl":"https:\/\/bodhinautic.com\/tienda\/wp-content\/uploads\/2025\/02\/Zepellin-Principal.jpg","width":1728,"height":974},{"@type":"BreadcrumbList","@id":"https:\/\/bodhinautic.com\/tienda\/producto\/zepellin-22vpro\/#breadcrumb","itemListElement":[{"@type":"ListItem","position":1,"name":"Portada","item":"https:\/\/bodhinautic.com\/tienda\/"},{"@type":"ListItem","position":2,"name":"Tienda","item":"https:\/\/bodhinautic.com\/tienda\/"},{"@type":"ListItem","position":3,"name":"Bodhi 1 &#8211; Zepellin 22VPRO"}]},{"@type":"WebSite","@id":"https:\/\/bodhinautic.com\/tienda\/#website","url":"https:\/\/bodhinautic.com\/tienda\/","name":"Bodhinautic","description":"","publisher":{"@id":"https:\/\/bodhinautic.com\/tienda\/#organization"},"potentialAction":[{"@type":"SearchAction","target":{"@type":"EntryPoint","urlTemplate":"https:\/\/bodhinautic.com\/tienda\/?s={search_term_string}"},"query-input":{"@type":"PropertyValueSpecification","valueRequired":true,"valueName":"search_term_string"}}],"inLanguage":"es"},{"@type":"Organization","@id":"https:\/\/bodhinautic.com\/tienda\/#organization","name":"Bodhinautic","url":"https:\/\/bodhinautic.com\/tienda\/","logo":{"@type":"ImageObject","inLanguage":"es","@id":"https:\/\/bodhinautic.com\/tienda\/#\/schema\/logo\/image\/","url":"https:\/\/bodhinautic.com\/wp-content\/uploads\/2024\/01\/BN_LOGO_nuevo.png","contentUrl":"https:\/\/bodhinautic.com\/wp-content\/uploads\/2024\/01\/BN_LOGO_nuevo.png","width":600,"height":247,"caption":"Bodhinautic"},"image":{"@id":"https:\/\/bodhinautic.com\/tienda\/#\/schema\/logo\/image\/"}}]}},"_links":{"self":[{"href":"https:\/\/bodhinautic.com\/tienda\/wp-json\/wp\/v2\/product\/2704","targetHints":{"allow":["GET"]}}],"collection":[{"href":"https:\/\/bodhinautic.com\/tienda\/wp-json\/wp\/v2\/product"}],"about":[{"href":"https:\/\/bodhinautic.com\/tienda\/wp-json\/wp\/v2\/types\/product"}],"wp:featuredmedia":[{"embeddable":true,"href":"https:\/\/bodhinautic.com\/tienda\/wp-json\/wp\/v2\/media\/2984"}],"wp:attachment":[{"href":"https:\/\/bodhinautic.com\/tienda\/wp-json\/wp\/v2\/media?parent=2704"}],"wp:term":[{"taxonomy":"product_brand","embeddable":true,"href":"https:\/\/bodhinautic.com\/tienda\/wp-json\/wp\/v2\/product_brand?post=2704"},{"taxonomy":"product_cat","embeddable":true,"href":"https:\/\/bodhinautic.com\/tienda\/wp-json\/wp\/v2\/product_cat?post=2704"},{"taxonomy":"product_tag","embeddable":true,"href":"https:\/\/bodhinautic.com\/tienda\/wp-json\/wp\/v2\/product_tag?post=2704"}],"curies":[{"name":"wp","href":"https:\/\/api.w.org\/{rel}","templated":true}]}}