{"id":2599,"date":"2024-07-31T12:41:16","date_gmt":"2024-07-31T10:41:16","guid":{"rendered":"https:\/\/bodhinautic.com\/?page_id=2599"},"modified":"2026-02-16T12:05:56","modified_gmt":"2026-02-16T11:05:56","slug":"declaracion-de-accesibilidad","status":"publish","type":"page","link":"https:\/\/bodhinautic.com\/tienda\/declaracion-de-accesibilidad\/","title":{"rendered":"Declaraci\u00f3n de accesibilidad"},"content":{"rendered":"\t\t<div data-elementor-type=\"wp-page\" data-elementor-id=\"2599\" class=\"elementor elementor-2599\" data-elementor-post-type=\"page\">\n\t\t\t\t<div class=\"elementor-element elementor-element-7a58f1e e-flex e-con-boxed e-con e-parent\" data-id=\"7a58f1e\" data-element_type=\"container\" data-e-type=\"container\" data-settings=\"{&quot;background_background&quot;:&quot;classic&quot;}\">\n\t\t\t\t\t<div class=\"e-con-inner\">\n\t\t\t\t<div class=\"elementor-element elementor-element-45acb39 elementor-widget elementor-widget-heading\" data-id=\"45acb39\" data-element_type=\"widget\" data-e-type=\"widget\" data-widget_type=\"heading.default\">\n\t\t\t\t<div class=\"elementor-widget-container\">\n\t\t\t\t\t<h1 class=\"elementor-heading-title elementor-size-default\">Declaraci\u00f3n de accesibilidad<\/h1>\t\t\t\t<\/div>\n\t\t\t\t<\/div>\n\t\t\t\t\t<\/div>\n\t\t\t\t<\/div>\n\t\t<div class=\"elementor-element elementor-element-66af6d2 e-flex e-con-boxed e-con e-parent\" data-id=\"66af6d2\" data-element_type=\"container\" data-e-type=\"container\" data-settings=\"{&quot;background_background&quot;:&quot;classic&quot;}\">\n\t\t\t\t\t<div class=\"e-con-inner\">\n\t\t\t\t<div class=\"elementor-element elementor-element-2f6e931 elementor-widget elementor-widget-text-editor\" data-id=\"2f6e931\" data-element_type=\"widget\" data-e-type=\"widget\" data-widget_type=\"text-editor.default\">\n\t\t\t\t<div class=\"elementor-widget-container\">\n\t\t\t\t\t\t\t\t\t<h4><strong>La empresa: BODHINAUTIC SL<\/strong><\/h4><p>Esta p\u00e1gina cumple con algunos de los requisitos de accesibilidad para sitios web, aplicaciones web, navegadores y otras herramientas en base a las referencias de accesibilidad de los est\u00e1ndares internacionales de la Iniciativa de Accesibilidad Web (WAI) del W3C.<\/p><h4><strong>Preparaci\u00f3n de la presente declaraci\u00f3n de accesibilidad<\/strong><\/h4><p>La presente declaraci\u00f3n fue preparada con fecha: 31\/07\/2024<\/p><p>El m\u00e9todo empleado para preparar la declaraci\u00f3n ha sido una autoevaluaci\u00f3n llevada a cabo por la propia empresa.<\/p><h4><strong>\u00bfC\u00f3mo cumplimos con los est\u00e1ndares de accesibilidad?<\/strong><\/h4><p><strong>Los principios de esta norma nos obligan a ofrecer en nuestra web las siguientes caracter\u00edsticas:<\/strong><\/p><p><strong>+ Perceptible<\/strong>: La informaci\u00f3n y los elementos que componen la interfaz de la web han sido optimizados para mejorar la percepci\u00f3n del usuario, a trav\u00e9s alternativas textuales, subt\u00edtulos, contrastes y apoyos visuales.<\/p><p><strong>+ Operable:<\/strong>\u00a0La web es accesible mediante teclado, permite tiempo suficiente para la interacci\u00f3n, evita los efectos visuales o sonoros y ofrece ayuda para navegar y realizar b\u00fasquedas.<\/p><p><strong>+ Comprensible:<\/strong>\u00a0La informaci\u00f3n que ofrece la interfaz de la web es comprensible, de f\u00e1cil lectura y las funciones son predecibles, de la misma manera que los mensajes de error son claros y explicativos.<\/p><p><strong>+ Robusta:<\/strong>\u00a0Nuestra web ofrece una gran robustez en su estructura de programaci\u00f3n y dise\u00f1o lo que la hace absolutamente compatible con la mayor\u00eda de las tecnolog\u00edas.<\/p><p><strong>Nuestro sistema web<\/strong>\u00a0se basa en varios componentes que funcionan juntos y cumpliendo con los criterios de Accesibilidad Web (WAI) del W3C, algunos de estos incluyen:<\/p><ul><li><strong>El contenido web:<\/strong>\u00a0Los textos, im\u00e1genes, formularios y multimedia, as\u00ed como cualquier c\u00f3digo de marcado, scripts, aplicaciones y dem\u00e1s.<\/li><li><strong>Agentes de usuario:<\/strong>\u00a0Todos los elementos que utiliza la web para que las personas puedan acceder al contenido, navegadores, gr\u00e1ficos de escritorio, navegadores de voz, navegadores de tel\u00e9fonos m\u00f3viles, reproductores multimedia, complementos y algunas\u00a0<a href=\"https:\/\/www.w3.org\/WAI\/people-use-web\/tools-techniques\/#at\">tecnolog\u00edas de asistencia.<\/a><\/li><li><strong>Herramientas de creaci\u00f3n:<\/strong>\u00a0El software o servicios que utilizamos para producir contenido el web, incluidos editores de c\u00f3digo, herramientas de conversi\u00f3n de documentos, sistemas de administraci\u00f3n de contenido, blogs, scripts de bases de datos y otras herramientas.<\/li><\/ul><h4><strong>Si tiene dudas o requiere m\u00e1s informaci\u00f3n al respecto \u00bfC\u00f3mo puede comunicarse por requisitos de accesibilidad?<\/strong><\/h4><p><strong>Puede realizar<\/strong>\u00a0comunicaciones sobre requisitos de accesibilidad como, por ejemplo:<\/p><ul><li>Solicitar informaci\u00f3n sobre cualquier posible incumplimiento por parte de este sitio web.<\/li><li>Transmitir otras dificultades de acceso al contenido.<\/li><li>Formular cualquier otra consulta o sugerencia de mejora relativa a la accesibilidad del sitio web.<\/li><\/ul><p><strong>Tambi\u00e9n puede presentar:<\/strong><\/p><ul><li><strong>Una queja<\/strong>\u00a0relativa al cumplimiento de los requisitos de accesibilidad.<\/li><li><strong>Una solicitud<\/strong>\u00a0de Informaci\u00f3n accesible relativa a contenidos.<br \/>La solicitud debe ser presentada a trav\u00e9s del siguiente tel\u00e9fono: 653 654 342<\/li><\/ul><p>En la solicitud de informaci\u00f3n accesible, se debe concretar, con toda claridad, los hechos, razones y petici\u00f3n que permitan constatar que se trata de una solicitud razonable y leg\u00edtima.<\/p><p>Las comunicaciones, quejas y solicitudes de informaci\u00f3n accesible ser\u00e1n recibidas y tratadas por la direcci\u00f3n de esta empresa.<\/p><p><strong>Siguiente paso\u2026<\/strong><\/p><p>Si una vez realizada una solicitud de informaci\u00f3n\u00a0<strong>accesible o queja<\/strong>, \u00e9sta hubiera sido desestimada, no se estuviera de acuerdo con la decisi\u00f3n adoptada, o la respuesta no cumpliera los requisitos contemplados en la normativa correspondiente, la persona interesada podr\u00e1 iniciar una reclamaci\u00f3n. Igualmente se podr\u00e1 iniciar una reclamaci\u00f3n en el caso de que haya trascurrido el plazo de veinte d\u00edas h\u00e1biles sin haber obtenido respuesta.<\/p><p>La reclamaci\u00f3n puede ser presentada trav\u00e9s del de la\u00a0<a href=\"https:\/\/serviciosede.mineco.gob.es\/FB\/Home.aspx?control=161_IG\">Instancia Gen\u00e9rica de la Sede electr\u00f3nica del Ministerio de Asuntos Econ\u00f3micos y Transformaci\u00f3n Digital, as\u00ed como en el resto de opciones recogidas en la Ley 39\/ 2015.<\/a><\/p><h4><strong>Declaraci\u00f3n de principios respecto de la accesibilidad:<\/strong><\/h4><p>Como resumen podemos decir que nuestro compromiso respecto de la Accesibilidad WEB es mantener un esfuerzo permanente para acercar y hacer comprensible nuestro contenido a todas las personas, independientemente de sus capacidades f\u00edsicas o intelectuales, como as\u00ed tambi\u00e9n de las limitaciones o carencias tecnol\u00f3gicas que pudieran tener, nuestra visi\u00f3n; es poder contribuir con nuestro esfuerzo y nuestra responsabilidad a construir una internet m\u00e1s accesible, m\u00e1s justa y m\u00e1s solidaria.<\/p>\t\t\t\t\t\t\t\t<\/div>\n\t\t\t\t<\/div>\n\t\t\t\t\t<\/div>\n\t\t\t\t<\/div>\n\t\t\t\t<\/div>\n\t\t","protected":false},"excerpt":{"rendered":"<p>Declaraci\u00f3n de accesibilidad La empresa: BODHINAUTIC SL Esta p\u00e1gina cumple con algunos de los requisitos de accesibilidad para sitios web, aplicaciones web, navegadores y otras herramientas en base a las referencias de accesibilidad de los est\u00e1ndares internacionales de la Iniciativa de Accesibilidad Web (WAI) del W3C. Preparaci\u00f3n de la presente declaraci\u00f3n de accesibilidad La presente &#8230; <a title=\"Declaraci\u00f3n de accesibilidad\" class=\"read-more\" href=\"https:\/\/bodhinautic.com\/tienda\/declaracion-de-accesibilidad\/\" aria-label=\"Leer m\u00e1s sobre Declaraci\u00f3n de accesibilidad\">Leer m\u00e1s<\/a><\/p>\n","protected":false},"author":1,"featured_media":0,"parent":0,"menu_order":0,"comment_status":"closed","ping_status":"closed","template":"elementor_header_footer","meta":{"_acf_changed":false,"_joinchat":[],"footnotes":""},"class_list":["post-2599","page","type-page","status-publish"],"acf":[],"yoast_head":"<!-- This site is optimized with the Yoast SEO plugin v26.9 - https:\/\/yoast.com\/product\/yoast-seo-wordpress\/ -->\n<title>Declaraci\u00f3n de accesibilidad - Bodhinautic<\/title>\n<meta name=\"robots\" content=\"noindex, nofollow\" \/>\n<meta property=\"og:locale\" content=\"es_ES\" \/>\n<meta property=\"og:type\" content=\"article\" \/>\n<meta property=\"og:title\" content=\"Declaraci\u00f3n de accesibilidad - Bodhinautic\" \/>\n<meta property=\"og:description\" content=\"Declaraci\u00f3n de accesibilidad La empresa: BODHINAUTIC SL Esta p\u00e1gina cumple con algunos de los requisitos de accesibilidad para sitios web, aplicaciones web, navegadores y otras herramientas en base a las referencias de accesibilidad de los est\u00e1ndares internacionales de la Iniciativa de Accesibilidad Web (WAI) del W3C. Preparaci\u00f3n de la presente declaraci\u00f3n de accesibilidad La presente ... Leer m\u00e1s\" \/>\n<meta property=\"og:url\" content=\"https:\/\/bodhinautic.com\/tienda\/declaracion-de-accesibilidad\/\" \/>\n<meta property=\"og:site_name\" content=\"Bodhinautic\" \/>\n<meta property=\"article:modified_time\" content=\"2026-02-16T11:05:56+00:00\" \/>\n<meta name=\"twitter:card\" content=\"summary_large_image\" \/>\n<meta name=\"twitter:label1\" content=\"Tiempo de lectura\" \/>\n\t<meta name=\"twitter:data1\" content=\"4 minutos\" \/>\n<script type=\"application\/ld+json\" class=\"yoast-schema-graph\">{\"@context\":\"https:\/\/schema.org\",\"@graph\":[{\"@type\":\"WebPage\",\"@id\":\"https:\/\/bodhinautic.com\/tienda\/declaracion-de-accesibilidad\/\",\"url\":\"https:\/\/bodhinautic.com\/tienda\/declaracion-de-accesibilidad\/\",\"name\":\"Declaraci\u00f3n de accesibilidad - Bodhinautic\",\"isPartOf\":{\"@id\":\"https:\/\/bodhinautic.com\/tienda\/#website\"},\"datePublished\":\"2024-07-31T10:41:16+00:00\",\"dateModified\":\"2026-02-16T11:05:56+00:00\",\"breadcrumb\":{\"@id\":\"https:\/\/bodhinautic.com\/tienda\/declaracion-de-accesibilidad\/#breadcrumb\"},\"inLanguage\":\"es\",\"potentialAction\":[{\"@type\":\"ReadAction\",\"target\":[\"https:\/\/bodhinautic.com\/tienda\/declaracion-de-accesibilidad\/\"]}]},{\"@type\":\"BreadcrumbList\",\"@id\":\"https:\/\/bodhinautic.com\/tienda\/declaracion-de-accesibilidad\/#breadcrumb\",\"itemListElement\":[{\"@type\":\"ListItem\",\"position\":1,\"name\":\"Portada\",\"item\":\"https:\/\/bodhinautic.com\/tienda\/\"},{\"@type\":\"ListItem\",\"position\":2,\"name\":\"Declaraci\u00f3n de accesibilidad\"}]},{\"@type\":\"WebSite\",\"@id\":\"https:\/\/bodhinautic.com\/tienda\/#website\",\"url\":\"https:\/\/bodhinautic.com\/tienda\/\",\"name\":\"Bodhinautic\",\"description\":\"\",\"publisher\":{\"@id\":\"https:\/\/bodhinautic.com\/tienda\/#organization\"},\"potentialAction\":[{\"@type\":\"SearchAction\",\"target\":{\"@type\":\"EntryPoint\",\"urlTemplate\":\"https:\/\/bodhinautic.com\/tienda\/?s={search_term_string}\"},\"query-input\":{\"@type\":\"PropertyValueSpecification\",\"valueRequired\":true,\"valueName\":\"search_term_string\"}}],\"inLanguage\":\"es\"},{\"@type\":\"Organization\",\"@id\":\"https:\/\/bodhinautic.com\/tienda\/#organization\",\"name\":\"Bodhinautic\",\"url\":\"https:\/\/bodhinautic.com\/tienda\/\",\"logo\":{\"@type\":\"ImageObject\",\"inLanguage\":\"es\",\"@id\":\"https:\/\/bodhinautic.com\/tienda\/#\/schema\/logo\/image\/\",\"url\":\"https:\/\/bodhinautic.com\/wp-content\/uploads\/2024\/01\/BN_LOGO_nuevo.png\",\"contentUrl\":\"https:\/\/bodhinautic.com\/wp-content\/uploads\/2024\/01\/BN_LOGO_nuevo.png\",\"width\":600,\"height\":247,\"caption\":\"Bodhinautic\"},\"image\":{\"@id\":\"https:\/\/bodhinautic.com\/tienda\/#\/schema\/logo\/image\/\"}}]}<\/script>\n<!-- \/ Yoast SEO plugin. -->","yoast_head_json":{"title":"Declaraci\u00f3n de accesibilidad - Bodhinautic","robots":{"index":"noindex","follow":"nofollow"},"og_locale":"es_ES","og_type":"article","og_title":"Declaraci\u00f3n de accesibilidad - Bodhinautic","og_description":"Declaraci\u00f3n de accesibilidad La empresa: BODHINAUTIC SL Esta p\u00e1gina cumple con algunos de los requisitos de accesibilidad para sitios web, aplicaciones web, navegadores y otras herramientas en base a las referencias de accesibilidad de los est\u00e1ndares internacionales de la Iniciativa de Accesibilidad Web (WAI) del W3C. Preparaci\u00f3n de la presente declaraci\u00f3n de accesibilidad La presente ... Leer m\u00e1s","og_url":"https:\/\/bodhinautic.com\/tienda\/declaracion-de-accesibilidad\/","og_site_name":"Bodhinautic","article_modified_time":"2026-02-16T11:05:56+00:00","twitter_card":"summary_large_image","twitter_misc":{"Tiempo de lectura":"4 minutos"},"schema":{"@context":"https:\/\/schema.org","@graph":[{"@type":"WebPage","@id":"https:\/\/bodhinautic.com\/tienda\/declaracion-de-accesibilidad\/","url":"https:\/\/bodhinautic.com\/tienda\/declaracion-de-accesibilidad\/","name":"Declaraci\u00f3n de accesibilidad - Bodhinautic","isPartOf":{"@id":"https:\/\/bodhinautic.com\/tienda\/#website"},"datePublished":"2024-07-31T10:41:16+00:00","dateModified":"2026-02-16T11:05:56+00:00","breadcrumb":{"@id":"https:\/\/bodhinautic.com\/tienda\/declaracion-de-accesibilidad\/#breadcrumb"},"inLanguage":"es","potentialAction":[{"@type":"ReadAction","target":["https:\/\/bodhinautic.com\/tienda\/declaracion-de-accesibilidad\/"]}]},{"@type":"BreadcrumbList","@id":"https:\/\/bodhinautic.com\/tienda\/declaracion-de-accesibilidad\/#breadcrumb","itemListElement":[{"@type":"ListItem","position":1,"name":"Portada","item":"https:\/\/bodhinautic.com\/tienda\/"},{"@type":"ListItem","position":2,"name":"Declaraci\u00f3n de accesibilidad"}]},{"@type":"WebSite","@id":"https:\/\/bodhinautic.com\/tienda\/#website","url":"https:\/\/bodhinautic.com\/tienda\/","name":"Bodhinautic","description":"","publisher":{"@id":"https:\/\/bodhinautic.com\/tienda\/#organization"},"potentialAction":[{"@type":"SearchAction","target":{"@type":"EntryPoint","urlTemplate":"https:\/\/bodhinautic.com\/tienda\/?s={search_term_string}"},"query-input":{"@type":"PropertyValueSpecification","valueRequired":true,"valueName":"search_term_string"}}],"inLanguage":"es"},{"@type":"Organization","@id":"https:\/\/bodhinautic.com\/tienda\/#organization","name":"Bodhinautic","url":"https:\/\/bodhinautic.com\/tienda\/","logo":{"@type":"ImageObject","inLanguage":"es","@id":"https:\/\/bodhinautic.com\/tienda\/#\/schema\/logo\/image\/","url":"https:\/\/bodhinautic.com\/wp-content\/uploads\/2024\/01\/BN_LOGO_nuevo.png","contentUrl":"https:\/\/bodhinautic.com\/wp-content\/uploads\/2024\/01\/BN_LOGO_nuevo.png","width":600,"height":247,"caption":"Bodhinautic"},"image":{"@id":"https:\/\/bodhinautic.com\/tienda\/#\/schema\/logo\/image\/"}}]}},"_links":{"self":[{"href":"https:\/\/bodhinautic.com\/tienda\/wp-json\/wp\/v2\/pages\/2599","targetHints":{"allow":["GET"]}}],"collection":[{"href":"https:\/\/bodhinautic.com\/tienda\/wp-json\/wp\/v2\/pages"}],"about":[{"href":"https:\/\/bodhinautic.com\/tienda\/wp-json\/wp\/v2\/types\/page"}],"author":[{"embeddable":true,"href":"https:\/\/bodhinautic.com\/tienda\/wp-json\/wp\/v2\/users\/1"}],"replies":[{"embeddable":true,"href":"https:\/\/bodhinautic.com\/tienda\/wp-json\/wp\/v2\/comments?post=2599"}],"version-history":[{"count":13,"href":"https:\/\/bodhinautic.com\/tienda\/wp-json\/wp\/v2\/pages\/2599\/revisions"}],"predecessor-version":[{"id":4138,"href":"https:\/\/bodhinautic.com\/tienda\/wp-json\/wp\/v2\/pages\/2599\/revisions\/4138"}],"wp:attachment":[{"href":"https:\/\/bodhinautic.com\/tienda\/wp-json\/wp\/v2\/media?parent=2599"}],"curies":[{"name":"wp","href":"https:\/\/api.w.org\/{rel}","templated":true}]}}