{"id":3685,"date":"2025-08-01T22:34:18","date_gmt":"2025-08-01T20:34:18","guid":{"rendered":"https:\/\/bodhinautic.com\/?post_type=product&#038;p=3685"},"modified":"2025-12-27T13:47:51","modified_gmt":"2025-12-27T12:47:51","slug":"honda-ha23-bf200","status":"publish","type":"product","link":"https:\/\/bodhinautic.com\/tienda\/en\/producto\/honda-ha23-bf200\/","title":{"rendered":"Honda HA23 + BF200"},"content":{"rendered":"<div id=\"product-description-short-724\" class=\"rte-content product-description\">\n<p data-start=\"0\" data-end=\"377\">Descubre la <strong data-start=\"12\" data-end=\"26\">Honda HA23<\/strong>, la primera unidad de la exclusiva gama <strong data-start=\"67\" data-end=\"81\">4XC Design<\/strong> en Espa\u00f1a. Una semirr\u00edgida de altas prestaciones, desarrollada por <strong data-start=\"149\" data-end=\"190\"><span class=\"hover:entity-accent entity-underline inline cursor-pointer align-baseline\"><span class=\"whitespace-normal\">Altamarea<\/span><\/span><\/strong> y equipada \u00edntegramente con componentes originales <strong data-start=\"242\" data-end=\"283\"><span class=\"hover:entity-accent entity-underline inline cursor-pointer align-baseline\"><span class=\"whitespace-normal\">Honda<\/span><\/span><\/strong>, dise\u00f1ados, seleccionados y probados bajo los mismos est\u00e1ndares de exigencia que sus motores.<\/p>\n<p data-start=\"379\" data-end=\"539\" data-is-last-node=\"\" data-is-only-node=\"\">Unidad equipada con <strong data-start=\"399\" data-end=\"414\">Honda BF200<\/strong>, mando electr\u00f3nico, direcci\u00f3n hidr\u00e1ulica y arco de fibra con toldo Bimini. Rendimiento, fiabilidad y dise\u00f1o sin concesiones.<\/p>\n<\/div>\n","protected":false},"excerpt":{"rendered":"<p>Descubre la Honda HA23, la primera unidad de la exclusiva gama 4XC Design en Espa\u00f1a. Una semirr\u00edgida de altas prestaciones, desarrollada por Altamarea y equipada \u00edntegramente con componentes originales Honda, dise\u00f1ados, seleccionados y probados bajo los mismos est\u00e1ndares de exigencia que sus motores. Unidad equipada con Honda BF200, mando electr\u00f3nico, direcci\u00f3n hidr\u00e1ulica y arco de &#8230; <a title=\"Honda HA23 + BF200\" class=\"read-more\" href=\"https:\/\/bodhinautic.com\/tienda\/en\/producto\/honda-ha23-bf200\/\" aria-label=\"Read more about Honda HA23 + BF200\">Read more<\/a><\/p>\n","protected":false},"featured_media":4022,"template":"","meta":{"_acf_changed":false,"_joinchat":[]},"product_brand":[],"product_cat":[63,64],"product_tag":[],"class_list":{"0":"post-3685","1":"product","2":"type-product","3":"status-publish","4":"has-post-thumbnail","6":"product_cat-embarcaciones","7":"product_cat-nuevas","9":"first","10":"instock","11":"sale","12":"featured","13":"purchasable","14":"product-type-simple"},"acf":[],"yoast_head":"<!-- This site is optimized with the Yoast SEO plugin v26.9 - https:\/\/yoast.com\/product\/yoast-seo-wordpress\/ -->\n<title>Honda HA23 + BF200 - Bodhinautic<\/title>\n<meta name=\"description\" content=\"Experimenta lo m\u00e1ximo de la innovaci\u00f3n con las semirr\u00edgidas Honda 4XC Design. Fabricadas con precisi\u00f3n y tecnolog\u00eda de vanguardia.\" \/>\n<meta name=\"robots\" content=\"index, follow, max-snippet:-1, max-image-preview:large, max-video-preview:-1\" \/>\n<link rel=\"canonical\" href=\"https:\/\/bodhinautic.com\/tienda\/en\/producto\/honda-ha23-bf200\/\" \/>\n<meta property=\"og:locale\" content=\"en_US\" \/>\n<meta property=\"og:type\" content=\"article\" \/>\n<meta property=\"og:title\" content=\"Honda HA23 + BF200 - Bodhinautic\" \/>\n<meta property=\"og:description\" content=\"Experimenta lo m\u00e1ximo de la innovaci\u00f3n con las semirr\u00edgidas Honda 4XC Design. Fabricadas con precisi\u00f3n y tecnolog\u00eda de vanguardia.\" \/>\n<meta property=\"og:url\" content=\"https:\/\/bodhinautic.com\/tienda\/en\/producto\/honda-ha23-bf200\/\" \/>\n<meta property=\"og:site_name\" content=\"Bodhinautic\" \/>\n<meta property=\"article:modified_time\" content=\"2025-12-27T12:47:51+00:00\" \/>\n<meta property=\"og:image\" content=\"https:\/\/bodhinautic.com\/tienda\/wp-content\/uploads\/2025\/08\/Honda-HA23-en-Cala.jpg\" \/>\n\t<meta property=\"og:image:width\" content=\"2368\" \/>\n\t<meta property=\"og:image:height\" content=\"1728\" \/>\n\t<meta property=\"og:image:type\" content=\"image\/jpeg\" \/>\n<meta name=\"twitter:card\" content=\"summary_large_image\" \/>\n<meta name=\"twitter:label1\" content=\"Est. reading time\" \/>\n\t<meta name=\"twitter:data1\" content=\"1 minute\" \/>\n<script type=\"application\/ld+json\" class=\"yoast-schema-graph\">{\"@context\":\"https:\/\/schema.org\",\"@graph\":[{\"@type\":\"WebPage\",\"@id\":\"https:\/\/bodhinautic.com\/tienda\/en\/producto\/honda-ha23-bf200\/\",\"url\":\"https:\/\/bodhinautic.com\/tienda\/en\/producto\/honda-ha23-bf200\/\",\"name\":\"Honda HA23 + BF200 - Bodhinautic\",\"isPartOf\":{\"@id\":\"https:\/\/bodhinautic.com\/tienda\/#website\"},\"primaryImageOfPage\":{\"@id\":\"https:\/\/bodhinautic.com\/tienda\/en\/producto\/honda-ha23-bf200\/#primaryimage\"},\"image\":{\"@id\":\"https:\/\/bodhinautic.com\/tienda\/en\/producto\/honda-ha23-bf200\/#primaryimage\"},\"thumbnailUrl\":\"https:\/\/bodhinautic.com\/tienda\/wp-content\/uploads\/2025\/08\/Honda-HA23-en-Cala.jpg\",\"datePublished\":\"2025-08-01T20:34:18+00:00\",\"dateModified\":\"2025-12-27T12:47:51+00:00\",\"description\":\"Experimenta lo m\u00e1ximo de la innovaci\u00f3n con las semirr\u00edgidas Honda 4XC Design. Fabricadas con precisi\u00f3n y tecnolog\u00eda de vanguardia.\",\"breadcrumb\":{\"@id\":\"https:\/\/bodhinautic.com\/tienda\/en\/producto\/honda-ha23-bf200\/#breadcrumb\"},\"inLanguage\":\"en-US\",\"potentialAction\":[{\"@type\":\"ReadAction\",\"target\":[\"https:\/\/bodhinautic.com\/tienda\/en\/producto\/honda-ha23-bf200\/\"]}]},{\"@type\":\"ImageObject\",\"inLanguage\":\"en-US\",\"@id\":\"https:\/\/bodhinautic.com\/tienda\/en\/producto\/honda-ha23-bf200\/#primaryimage\",\"url\":\"https:\/\/bodhinautic.com\/tienda\/wp-content\/uploads\/2025\/08\/Honda-HA23-en-Cala.jpg\",\"contentUrl\":\"https:\/\/bodhinautic.com\/tienda\/wp-content\/uploads\/2025\/08\/Honda-HA23-en-Cala.jpg\",\"width\":2368,\"height\":1728},{\"@type\":\"BreadcrumbList\",\"@id\":\"https:\/\/bodhinautic.com\/tienda\/en\/producto\/honda-ha23-bf200\/#breadcrumb\",\"itemListElement\":[{\"@type\":\"ListItem\",\"position\":1,\"name\":\"Portada\",\"item\":\"https:\/\/bodhinautic.com\/tienda\/en\/\"},{\"@type\":\"ListItem\",\"position\":2,\"name\":\"Shop\",\"item\":\"https:\/\/bodhinautic.com\/tienda\/en\/\"},{\"@type\":\"ListItem\",\"position\":3,\"name\":\"Honda HA23 + BF200\"}]},{\"@type\":\"WebSite\",\"@id\":\"https:\/\/bodhinautic.com\/tienda\/#website\",\"url\":\"https:\/\/bodhinautic.com\/tienda\/\",\"name\":\"Bodhinautic\",\"description\":\"\",\"publisher\":{\"@id\":\"https:\/\/bodhinautic.com\/tienda\/#organization\"},\"potentialAction\":[{\"@type\":\"SearchAction\",\"target\":{\"@type\":\"EntryPoint\",\"urlTemplate\":\"https:\/\/bodhinautic.com\/tienda\/?s={search_term_string}\"},\"query-input\":{\"@type\":\"PropertyValueSpecification\",\"valueRequired\":true,\"valueName\":\"search_term_string\"}}],\"inLanguage\":\"en-US\"},{\"@type\":\"Organization\",\"@id\":\"https:\/\/bodhinautic.com\/tienda\/#organization\",\"name\":\"Bodhinautic\",\"url\":\"https:\/\/bodhinautic.com\/tienda\/\",\"logo\":{\"@type\":\"ImageObject\",\"inLanguage\":\"en-US\",\"@id\":\"https:\/\/bodhinautic.com\/tienda\/#\/schema\/logo\/image\/\",\"url\":\"https:\/\/bodhinautic.com\/wp-content\/uploads\/2024\/01\/BN_LOGO_nuevo.png\",\"contentUrl\":\"https:\/\/bodhinautic.com\/wp-content\/uploads\/2024\/01\/BN_LOGO_nuevo.png\",\"width\":600,\"height\":247,\"caption\":\"Bodhinautic\"},\"image\":{\"@id\":\"https:\/\/bodhinautic.com\/tienda\/#\/schema\/logo\/image\/\"}}]}<\/script>\n<!-- \/ Yoast SEO plugin. -->","yoast_head_json":{"title":"Honda HA23 + BF200 - Bodhinautic","description":"Experimenta lo m\u00e1ximo de la innovaci\u00f3n con las semirr\u00edgidas Honda 4XC Design. Fabricadas con precisi\u00f3n y tecnolog\u00eda de vanguardia.","robots":{"index":"index","follow":"follow","max-snippet":"max-snippet:-1","max-image-preview":"max-image-preview:large","max-video-preview":"max-video-preview:-1"},"canonical":"https:\/\/bodhinautic.com\/tienda\/en\/producto\/honda-ha23-bf200\/","og_locale":"en_US","og_type":"article","og_title":"Honda HA23 + BF200 - Bodhinautic","og_description":"Experimenta lo m\u00e1ximo de la innovaci\u00f3n con las semirr\u00edgidas Honda 4XC Design. Fabricadas con precisi\u00f3n y tecnolog\u00eda de vanguardia.","og_url":"https:\/\/bodhinautic.com\/tienda\/en\/producto\/honda-ha23-bf200\/","og_site_name":"Bodhinautic","article_modified_time":"2025-12-27T12:47:51+00:00","og_image":[{"width":2368,"height":1728,"url":"https:\/\/bodhinautic.com\/tienda\/wp-content\/uploads\/2025\/08\/Honda-HA23-en-Cala.jpg","type":"image\/jpeg"}],"twitter_card":"summary_large_image","twitter_misc":{"Est. reading time":"1 minute"},"schema":{"@context":"https:\/\/schema.org","@graph":[{"@type":"WebPage","@id":"https:\/\/bodhinautic.com\/tienda\/en\/producto\/honda-ha23-bf200\/","url":"https:\/\/bodhinautic.com\/tienda\/en\/producto\/honda-ha23-bf200\/","name":"Honda HA23 + BF200 - Bodhinautic","isPartOf":{"@id":"https:\/\/bodhinautic.com\/tienda\/#website"},"primaryImageOfPage":{"@id":"https:\/\/bodhinautic.com\/tienda\/en\/producto\/honda-ha23-bf200\/#primaryimage"},"image":{"@id":"https:\/\/bodhinautic.com\/tienda\/en\/producto\/honda-ha23-bf200\/#primaryimage"},"thumbnailUrl":"https:\/\/bodhinautic.com\/tienda\/wp-content\/uploads\/2025\/08\/Honda-HA23-en-Cala.jpg","datePublished":"2025-08-01T20:34:18+00:00","dateModified":"2025-12-27T12:47:51+00:00","description":"Experimenta lo m\u00e1ximo de la innovaci\u00f3n con las semirr\u00edgidas Honda 4XC Design. Fabricadas con precisi\u00f3n y tecnolog\u00eda de vanguardia.","breadcrumb":{"@id":"https:\/\/bodhinautic.com\/tienda\/en\/producto\/honda-ha23-bf200\/#breadcrumb"},"inLanguage":"en-US","potentialAction":[{"@type":"ReadAction","target":["https:\/\/bodhinautic.com\/tienda\/en\/producto\/honda-ha23-bf200\/"]}]},{"@type":"ImageObject","inLanguage":"en-US","@id":"https:\/\/bodhinautic.com\/tienda\/en\/producto\/honda-ha23-bf200\/#primaryimage","url":"https:\/\/bodhinautic.com\/tienda\/wp-content\/uploads\/2025\/08\/Honda-HA23-en-Cala.jpg","contentUrl":"https:\/\/bodhinautic.com\/tienda\/wp-content\/uploads\/2025\/08\/Honda-HA23-en-Cala.jpg","width":2368,"height":1728},{"@type":"BreadcrumbList","@id":"https:\/\/bodhinautic.com\/tienda\/en\/producto\/honda-ha23-bf200\/#breadcrumb","itemListElement":[{"@type":"ListItem","position":1,"name":"Portada","item":"https:\/\/bodhinautic.com\/tienda\/en\/"},{"@type":"ListItem","position":2,"name":"Shop","item":"https:\/\/bodhinautic.com\/tienda\/en\/"},{"@type":"ListItem","position":3,"name":"Honda HA23 + BF200"}]},{"@type":"WebSite","@id":"https:\/\/bodhinautic.com\/tienda\/#website","url":"https:\/\/bodhinautic.com\/tienda\/","name":"Bodhinautic","description":"","publisher":{"@id":"https:\/\/bodhinautic.com\/tienda\/#organization"},"potentialAction":[{"@type":"SearchAction","target":{"@type":"EntryPoint","urlTemplate":"https:\/\/bodhinautic.com\/tienda\/?s={search_term_string}"},"query-input":{"@type":"PropertyValueSpecification","valueRequired":true,"valueName":"search_term_string"}}],"inLanguage":"en-US"},{"@type":"Organization","@id":"https:\/\/bodhinautic.com\/tienda\/#organization","name":"Bodhinautic","url":"https:\/\/bodhinautic.com\/tienda\/","logo":{"@type":"ImageObject","inLanguage":"en-US","@id":"https:\/\/bodhinautic.com\/tienda\/#\/schema\/logo\/image\/","url":"https:\/\/bodhinautic.com\/wp-content\/uploads\/2024\/01\/BN_LOGO_nuevo.png","contentUrl":"https:\/\/bodhinautic.com\/wp-content\/uploads\/2024\/01\/BN_LOGO_nuevo.png","width":600,"height":247,"caption":"Bodhinautic"},"image":{"@id":"https:\/\/bodhinautic.com\/tienda\/#\/schema\/logo\/image\/"}}]}},"_links":{"self":[{"href":"https:\/\/bodhinautic.com\/tienda\/en\/wp-json\/wp\/v2\/product\/3685","targetHints":{"allow":["GET"]}}],"collection":[{"href":"https:\/\/bodhinautic.com\/tienda\/en\/wp-json\/wp\/v2\/product"}],"about":[{"href":"https:\/\/bodhinautic.com\/tienda\/en\/wp-json\/wp\/v2\/types\/product"}],"wp:featuredmedia":[{"embeddable":true,"href":"https:\/\/bodhinautic.com\/tienda\/en\/wp-json\/wp\/v2\/media\/4022"}],"wp:attachment":[{"href":"https:\/\/bodhinautic.com\/tienda\/en\/wp-json\/wp\/v2\/media?parent=3685"}],"wp:term":[{"taxonomy":"product_brand","embeddable":true,"href":"https:\/\/bodhinautic.com\/tienda\/en\/wp-json\/wp\/v2\/product_brand?post=3685"},{"taxonomy":"product_cat","embeddable":true,"href":"https:\/\/bodhinautic.com\/tienda\/en\/wp-json\/wp\/v2\/product_cat?post=3685"},{"taxonomy":"product_tag","embeddable":true,"href":"https:\/\/bodhinautic.com\/tienda\/en\/wp-json\/wp\/v2\/product_tag?post=3685"}],"curies":[{"name":"wp","href":"https:\/\/api.w.org\/{rel}","templated":true}]}}