{"id":3039,"date":"2025-03-16T21:46:16","date_gmt":"2025-03-16T20:46:16","guid":{"rendered":"https:\/\/bodhinautic.com\/?post_type=product&#038;p=3039"},"modified":"2026-01-29T16:50:18","modified_gmt":"2026-01-29T15:50:18","slug":"asso-67-en-restauracion","status":"publish","type":"product","link":"https:\/\/bodhinautic.com\/tienda\/en\/producto\/asso-67-en-restauracion\/","title":{"rendered":"Bodhi 2 (ASSO 67)"},"content":{"rendered":"<p data-start=\"0\" data-end=\"177\">La <strong data-start=\"3\" data-end=\"14\">Bodhi 2<\/strong>, basada en el modelo 67 del astillero <strong data-start=\"53\" data-end=\"94\"><span class=\"hover:entity-accent entity-underline inline cursor-pointer align-baseline\"><span class=\"whitespace-normal\">ASSO<\/span><\/span><\/strong>, ha sido restaurada integralmente por <strong data-start=\"133\" data-end=\"174\"><span class=\"hover:entity-accent entity-underline inline cursor-pointer align-baseline\"><span class=\"whitespace-normal\">BodhiNautic<\/span><\/span><\/strong>.<\/p>\n<p data-start=\"179\" data-end=\"354\" data-is-last-node=\"\" data-is-only-node=\"\">Una semirr\u00edgida espaciosa, estable y \u00e1gil, que combina rendimiento y confort para disfrutar del mar con total confianza, tanto en salidas din\u00e1micas como en jornadas relajadas.<\/p>\n","protected":false},"excerpt":{"rendered":"<p>La Bodhi 2, basada en el modelo 67 del astillero ASSO, ha sido restaurada integralmente por BodhiNautic. Una semirr\u00edgida espaciosa, estable y \u00e1gil, que combina rendimiento y confort para disfrutar del mar con total confianza, tanto en salidas din\u00e1micas como en jornadas relajadas.<\/p>\n","protected":false},"featured_media":4036,"template":"","meta":{"_acf_changed":false,"_joinchat":[]},"product_brand":[],"product_cat":[66,63],"product_tag":[],"class_list":{"0":"post-3039","1":"product","2":"type-product","3":"status-publish","4":"has-post-thumbnail","6":"product_cat-bodhiribs","7":"product_cat-embarcaciones","9":"first","10":"instock","11":"taxable","12":"shipping-taxable","13":"product-type-simple"},"acf":[],"yoast_head":"<!-- This site is optimized with the Yoast SEO plugin v26.9 - https:\/\/yoast.com\/product\/yoast-seo-wordpress\/ -->\n<title>Bodhi 2 (ASSO 67) - Bodhinautic<\/title>\n<meta name=\"description\" content=\"Potente, estable y espaciosa, la ASSO 67 es la semirr\u00edgida ideal para quienes buscan rendimiento y confort en cada traves\u00eda.\" \/>\n<meta name=\"robots\" content=\"index, follow, max-snippet:-1, max-image-preview:large, max-video-preview:-1\" \/>\n<link rel=\"canonical\" href=\"https:\/\/bodhinautic.com\/tienda\/producto\/asso-67-en-restauracion\/\" \/>\n<meta property=\"og:locale\" content=\"en_US\" \/>\n<meta property=\"og:type\" content=\"article\" \/>\n<meta property=\"og:title\" content=\"Bodhi 2 (ASSO 67) - Bodhinautic\" \/>\n<meta property=\"og:description\" content=\"Potente, estable y espaciosa, la ASSO 67 es la semirr\u00edgida ideal para quienes buscan rendimiento y confort en cada traves\u00eda.\" \/>\n<meta property=\"og:url\" content=\"https:\/\/bodhinautic.com\/tienda\/producto\/asso-67-en-restauracion\/\" \/>\n<meta property=\"og:site_name\" content=\"Bodhinautic\" \/>\n<meta property=\"article:modified_time\" content=\"2026-01-29T15:50:18+00:00\" \/>\n<meta property=\"og:image\" content=\"https:\/\/bodhinautic.com\/tienda\/wp-content\/uploads\/2025\/03\/1766765819284.jpg\" \/>\n\t<meta property=\"og:image:width\" content=\"2368\" \/>\n\t<meta property=\"og:image:height\" content=\"1728\" \/>\n\t<meta property=\"og:image:type\" content=\"image\/jpeg\" \/>\n<meta name=\"twitter:card\" content=\"summary_large_image\" \/>\n<meta name=\"twitter:label1\" content=\"Est. reading time\" \/>\n\t<meta name=\"twitter:data1\" content=\"1 minute\" \/>\n<script type=\"application\/ld+json\" class=\"yoast-schema-graph\">{\"@context\":\"https:\/\/schema.org\",\"@graph\":[{\"@type\":\"WebPage\",\"@id\":\"https:\/\/bodhinautic.com\/tienda\/producto\/asso-67-en-restauracion\/\",\"url\":\"https:\/\/bodhinautic.com\/tienda\/producto\/asso-67-en-restauracion\/\",\"name\":\"Bodhi 2 (ASSO 67) - Bodhinautic\",\"isPartOf\":{\"@id\":\"https:\/\/bodhinautic.com\/tienda\/#website\"},\"primaryImageOfPage\":{\"@id\":\"https:\/\/bodhinautic.com\/tienda\/producto\/asso-67-en-restauracion\/#primaryimage\"},\"image\":{\"@id\":\"https:\/\/bodhinautic.com\/tienda\/producto\/asso-67-en-restauracion\/#primaryimage\"},\"thumbnailUrl\":\"https:\/\/bodhinautic.com\/tienda\/wp-content\/uploads\/2025\/03\/1766765819284.jpg\",\"datePublished\":\"2025-03-16T20:46:16+00:00\",\"dateModified\":\"2026-01-29T15:50:18+00:00\",\"description\":\"Potente, estable y espaciosa, la ASSO 67 es la semirr\u00edgida ideal para quienes buscan rendimiento y confort en cada traves\u00eda.\",\"breadcrumb\":{\"@id\":\"https:\/\/bodhinautic.com\/tienda\/producto\/asso-67-en-restauracion\/#breadcrumb\"},\"inLanguage\":\"en-US\",\"potentialAction\":[{\"@type\":\"ReadAction\",\"target\":[\"https:\/\/bodhinautic.com\/tienda\/producto\/asso-67-en-restauracion\/\"]}]},{\"@type\":\"ImageObject\",\"inLanguage\":\"en-US\",\"@id\":\"https:\/\/bodhinautic.com\/tienda\/producto\/asso-67-en-restauracion\/#primaryimage\",\"url\":\"https:\/\/bodhinautic.com\/tienda\/wp-content\/uploads\/2025\/03\/1766765819284.jpg\",\"contentUrl\":\"https:\/\/bodhinautic.com\/tienda\/wp-content\/uploads\/2025\/03\/1766765819284.jpg\",\"width\":2368,\"height\":1728},{\"@type\":\"BreadcrumbList\",\"@id\":\"https:\/\/bodhinautic.com\/tienda\/producto\/asso-67-en-restauracion\/#breadcrumb\",\"itemListElement\":[{\"@type\":\"ListItem\",\"position\":1,\"name\":\"Portada\",\"item\":\"https:\/\/bodhinautic.com\/tienda\/en\/\"},{\"@type\":\"ListItem\",\"position\":2,\"name\":\"Shop\",\"item\":\"https:\/\/bodhinautic.com\/tienda\/en\/\"},{\"@type\":\"ListItem\",\"position\":3,\"name\":\"Bodhi 2 (ASSO 67)\"}]},{\"@type\":\"WebSite\",\"@id\":\"https:\/\/bodhinautic.com\/tienda\/#website\",\"url\":\"https:\/\/bodhinautic.com\/tienda\/\",\"name\":\"Bodhinautic\",\"description\":\"\",\"publisher\":{\"@id\":\"https:\/\/bodhinautic.com\/tienda\/#organization\"},\"potentialAction\":[{\"@type\":\"SearchAction\",\"target\":{\"@type\":\"EntryPoint\",\"urlTemplate\":\"https:\/\/bodhinautic.com\/tienda\/?s={search_term_string}\"},\"query-input\":{\"@type\":\"PropertyValueSpecification\",\"valueRequired\":true,\"valueName\":\"search_term_string\"}}],\"inLanguage\":\"en-US\"},{\"@type\":\"Organization\",\"@id\":\"https:\/\/bodhinautic.com\/tienda\/#organization\",\"name\":\"Bodhinautic\",\"url\":\"https:\/\/bodhinautic.com\/tienda\/\",\"logo\":{\"@type\":\"ImageObject\",\"inLanguage\":\"en-US\",\"@id\":\"https:\/\/bodhinautic.com\/tienda\/#\/schema\/logo\/image\/\",\"url\":\"https:\/\/bodhinautic.com\/wp-content\/uploads\/2024\/01\/BN_LOGO_nuevo.png\",\"contentUrl\":\"https:\/\/bodhinautic.com\/wp-content\/uploads\/2024\/01\/BN_LOGO_nuevo.png\",\"width\":600,\"height\":247,\"caption\":\"Bodhinautic\"},\"image\":{\"@id\":\"https:\/\/bodhinautic.com\/tienda\/#\/schema\/logo\/image\/\"}}]}<\/script>\n<!-- \/ Yoast SEO plugin. -->","yoast_head_json":{"title":"Bodhi 2 (ASSO 67) - Bodhinautic","description":"Potente, estable y espaciosa, la ASSO 67 es la semirr\u00edgida ideal para quienes buscan rendimiento y confort en cada traves\u00eda.","robots":{"index":"index","follow":"follow","max-snippet":"max-snippet:-1","max-image-preview":"max-image-preview:large","max-video-preview":"max-video-preview:-1"},"canonical":"https:\/\/bodhinautic.com\/tienda\/producto\/asso-67-en-restauracion\/","og_locale":"en_US","og_type":"article","og_title":"Bodhi 2 (ASSO 67) - Bodhinautic","og_description":"Potente, estable y espaciosa, la ASSO 67 es la semirr\u00edgida ideal para quienes buscan rendimiento y confort en cada traves\u00eda.","og_url":"https:\/\/bodhinautic.com\/tienda\/producto\/asso-67-en-restauracion\/","og_site_name":"Bodhinautic","article_modified_time":"2026-01-29T15:50:18+00:00","og_image":[{"width":2368,"height":1728,"url":"https:\/\/bodhinautic.com\/tienda\/wp-content\/uploads\/2025\/03\/1766765819284.jpg","type":"image\/jpeg"}],"twitter_card":"summary_large_image","twitter_misc":{"Est. reading time":"1 minute"},"schema":{"@context":"https:\/\/schema.org","@graph":[{"@type":"WebPage","@id":"https:\/\/bodhinautic.com\/tienda\/producto\/asso-67-en-restauracion\/","url":"https:\/\/bodhinautic.com\/tienda\/producto\/asso-67-en-restauracion\/","name":"Bodhi 2 (ASSO 67) - Bodhinautic","isPartOf":{"@id":"https:\/\/bodhinautic.com\/tienda\/#website"},"primaryImageOfPage":{"@id":"https:\/\/bodhinautic.com\/tienda\/producto\/asso-67-en-restauracion\/#primaryimage"},"image":{"@id":"https:\/\/bodhinautic.com\/tienda\/producto\/asso-67-en-restauracion\/#primaryimage"},"thumbnailUrl":"https:\/\/bodhinautic.com\/tienda\/wp-content\/uploads\/2025\/03\/1766765819284.jpg","datePublished":"2025-03-16T20:46:16+00:00","dateModified":"2026-01-29T15:50:18+00:00","description":"Potente, estable y espaciosa, la ASSO 67 es la semirr\u00edgida ideal para quienes buscan rendimiento y confort en cada traves\u00eda.","breadcrumb":{"@id":"https:\/\/bodhinautic.com\/tienda\/producto\/asso-67-en-restauracion\/#breadcrumb"},"inLanguage":"en-US","potentialAction":[{"@type":"ReadAction","target":["https:\/\/bodhinautic.com\/tienda\/producto\/asso-67-en-restauracion\/"]}]},{"@type":"ImageObject","inLanguage":"en-US","@id":"https:\/\/bodhinautic.com\/tienda\/producto\/asso-67-en-restauracion\/#primaryimage","url":"https:\/\/bodhinautic.com\/tienda\/wp-content\/uploads\/2025\/03\/1766765819284.jpg","contentUrl":"https:\/\/bodhinautic.com\/tienda\/wp-content\/uploads\/2025\/03\/1766765819284.jpg","width":2368,"height":1728},{"@type":"BreadcrumbList","@id":"https:\/\/bodhinautic.com\/tienda\/producto\/asso-67-en-restauracion\/#breadcrumb","itemListElement":[{"@type":"ListItem","position":1,"name":"Portada","item":"https:\/\/bodhinautic.com\/tienda\/en\/"},{"@type":"ListItem","position":2,"name":"Shop","item":"https:\/\/bodhinautic.com\/tienda\/en\/"},{"@type":"ListItem","position":3,"name":"Bodhi 2 (ASSO 67)"}]},{"@type":"WebSite","@id":"https:\/\/bodhinautic.com\/tienda\/#website","url":"https:\/\/bodhinautic.com\/tienda\/","name":"Bodhinautic","description":"","publisher":{"@id":"https:\/\/bodhinautic.com\/tienda\/#organization"},"potentialAction":[{"@type":"SearchAction","target":{"@type":"EntryPoint","urlTemplate":"https:\/\/bodhinautic.com\/tienda\/?s={search_term_string}"},"query-input":{"@type":"PropertyValueSpecification","valueRequired":true,"valueName":"search_term_string"}}],"inLanguage":"en-US"},{"@type":"Organization","@id":"https:\/\/bodhinautic.com\/tienda\/#organization","name":"Bodhinautic","url":"https:\/\/bodhinautic.com\/tienda\/","logo":{"@type":"ImageObject","inLanguage":"en-US","@id":"https:\/\/bodhinautic.com\/tienda\/#\/schema\/logo\/image\/","url":"https:\/\/bodhinautic.com\/wp-content\/uploads\/2024\/01\/BN_LOGO_nuevo.png","contentUrl":"https:\/\/bodhinautic.com\/wp-content\/uploads\/2024\/01\/BN_LOGO_nuevo.png","width":600,"height":247,"caption":"Bodhinautic"},"image":{"@id":"https:\/\/bodhinautic.com\/tienda\/#\/schema\/logo\/image\/"}}]}},"_links":{"self":[{"href":"https:\/\/bodhinautic.com\/tienda\/en\/wp-json\/wp\/v2\/product\/3039","targetHints":{"allow":["GET"]}}],"collection":[{"href":"https:\/\/bodhinautic.com\/tienda\/en\/wp-json\/wp\/v2\/product"}],"about":[{"href":"https:\/\/bodhinautic.com\/tienda\/en\/wp-json\/wp\/v2\/types\/product"}],"wp:featuredmedia":[{"embeddable":true,"href":"https:\/\/bodhinautic.com\/tienda\/en\/wp-json\/wp\/v2\/media\/4036"}],"wp:attachment":[{"href":"https:\/\/bodhinautic.com\/tienda\/en\/wp-json\/wp\/v2\/media?parent=3039"}],"wp:term":[{"taxonomy":"product_brand","embeddable":true,"href":"https:\/\/bodhinautic.com\/tienda\/en\/wp-json\/wp\/v2\/product_brand?post=3039"},{"taxonomy":"product_cat","embeddable":true,"href":"https:\/\/bodhinautic.com\/tienda\/en\/wp-json\/wp\/v2\/product_cat?post=3039"},{"taxonomy":"product_tag","embeddable":true,"href":"https:\/\/bodhinautic.com\/tienda\/en\/wp-json\/wp\/v2\/product_tag?post=3039"}],"curies":[{"name":"wp","href":"https:\/\/api.w.org\/{rel}","templated":true}]}}