{"id":2977,"date":"2025-03-07T16:58:52","date_gmt":"2025-03-07T15:58:52","guid":{"rendered":"https:\/\/bodhinautic.com\/?post_type=product&#038;p=2977"},"modified":"2026-01-29T16:48:02","modified_gmt":"2026-01-29T15:48:02","slug":"hydrosport-coach-rib-595","status":"publish","type":"product","link":"https:\/\/bodhinautic.com\/tienda\/en\/producto\/hydrosport-coach-rib-595\/","title":{"rendered":"BodhiRIB 595 by Hydrosport"},"content":{"rendered":"<p>Descubre la libertad del mar con una embarcaci\u00f3n \u00e1gil, ligera y r\u00e1pida, ideal para quienes buscan iniciarse en la navegaci\u00f3n sin renunciar a la calidad. La Hydrosport 595 combina un dise\u00f1o robusto con materiales premium, ofreciendo una experiencia estable y segura incluso a 30 nudos. Con un casco en V profunda que corta las olas con suavidad y flotadores de alta calidad en Orca Hypalon, es la semirr\u00edgida perfecta para explorar sin l\u00edmites. Adem\u00e1s, su configuraci\u00f3n adaptable te permite personalizarla a tu medida, para que cada salida sea exactamente como la imaginas.<\/p>\n","protected":false},"excerpt":{"rendered":"<p>Descubre la libertad del mar con una embarcaci\u00f3n \u00e1gil, ligera y r\u00e1pida, ideal para quienes buscan iniciarse en la navegaci\u00f3n sin renunciar a la calidad. La Hydrosport 595 combina un dise\u00f1o robusto con materiales premium, ofreciendo una experiencia estable y segura incluso a 30 nudos. Con un casco en V profunda que corta las olas &#8230; <a title=\"BodhiRIB 595 by Hydrosport\" class=\"read-more\" href=\"https:\/\/bodhinautic.com\/tienda\/en\/producto\/hydrosport-coach-rib-595\/\" aria-label=\"Read more about BodhiRIB 595 by Hydrosport\">Read more<\/a><\/p>\n","protected":false},"featured_media":4093,"template":"","meta":{"_acf_changed":false,"_joinchat":[]},"product_brand":[],"product_cat":[63,64],"product_tag":[],"class_list":{"0":"post-2977","1":"product","2":"type-product","3":"status-publish","4":"has-post-thumbnail","6":"product_cat-embarcaciones","7":"product_cat-nuevas","9":"first","10":"instock","11":"sale","12":"featured","13":"purchasable","14":"product-type-simple"},"acf":[],"yoast_head":"<!-- This site is optimized with the Yoast SEO plugin v26.9 - https:\/\/yoast.com\/product\/yoast-seo-wordpress\/ -->\n<title>BodhiRIB 595 by Hydrosport - Bodhinautic<\/title>\n<meta name=\"description\" content=\"\u00c1gil, r\u00e1pida y personalizable, la Hydrosport 595 es ideal para iniciarse en la navegaci\u00f3n. Calidad premium, estabilidad y velocidad de hasta 30 nudos.\" \/>\n<meta name=\"robots\" content=\"index, follow, max-snippet:-1, max-image-preview:large, max-video-preview:-1\" \/>\n<link rel=\"canonical\" href=\"https:\/\/bodhinautic.com\/tienda\/en\/producto\/hydrosport-coach-rib-595\/\" \/>\n<meta property=\"og:locale\" content=\"en_US\" \/>\n<meta property=\"og:type\" content=\"article\" \/>\n<meta property=\"og:title\" content=\"BodhiRIB 595 by Hydrosport - Bodhinautic\" \/>\n<meta property=\"og:description\" content=\"\u00c1gil, r\u00e1pida y personalizable, la Hydrosport 595 es ideal para iniciarse en la navegaci\u00f3n. Calidad premium, estabilidad y velocidad de hasta 30 nudos.\" \/>\n<meta property=\"og:url\" content=\"https:\/\/bodhinautic.com\/tienda\/en\/producto\/hydrosport-coach-rib-595\/\" \/>\n<meta property=\"og:site_name\" content=\"Bodhinautic\" \/>\n<meta property=\"article:modified_time\" content=\"2026-01-29T15:48:02+00:00\" \/>\n<meta property=\"og:image\" content=\"https:\/\/bodhinautic.com\/tienda\/wp-content\/uploads\/2025\/03\/1766765577832-1024x747.jpg\" \/>\n\t<meta property=\"og:image:width\" content=\"1024\" \/>\n\t<meta property=\"og:image:height\" content=\"747\" \/>\n\t<meta property=\"og:image:type\" content=\"image\/jpeg\" \/>\n<meta name=\"twitter:card\" content=\"summary_large_image\" \/>\n<meta name=\"twitter:label1\" content=\"Est. reading time\" \/>\n\t<meta name=\"twitter:data1\" content=\"1 minute\" \/>\n<script type=\"application\/ld+json\" class=\"yoast-schema-graph\">{\"@context\":\"https:\/\/schema.org\",\"@graph\":[{\"@type\":\"WebPage\",\"@id\":\"https:\/\/bodhinautic.com\/tienda\/en\/producto\/hydrosport-coach-rib-595\/\",\"url\":\"https:\/\/bodhinautic.com\/tienda\/en\/producto\/hydrosport-coach-rib-595\/\",\"name\":\"BodhiRIB 595 by Hydrosport - Bodhinautic\",\"isPartOf\":{\"@id\":\"https:\/\/bodhinautic.com\/tienda\/#website\"},\"primaryImageOfPage\":{\"@id\":\"https:\/\/bodhinautic.com\/tienda\/en\/producto\/hydrosport-coach-rib-595\/#primaryimage\"},\"image\":{\"@id\":\"https:\/\/bodhinautic.com\/tienda\/en\/producto\/hydrosport-coach-rib-595\/#primaryimage\"},\"thumbnailUrl\":\"https:\/\/bodhinautic.com\/tienda\/wp-content\/uploads\/2025\/03\/1766765577832.jpg\",\"datePublished\":\"2025-03-07T15:58:52+00:00\",\"dateModified\":\"2026-01-29T15:48:02+00:00\",\"description\":\"\u00c1gil, r\u00e1pida y personalizable, la Hydrosport 595 es ideal para iniciarse en la navegaci\u00f3n. Calidad premium, estabilidad y velocidad de hasta 30 nudos.\",\"breadcrumb\":{\"@id\":\"https:\/\/bodhinautic.com\/tienda\/en\/producto\/hydrosport-coach-rib-595\/#breadcrumb\"},\"inLanguage\":\"en-US\",\"potentialAction\":[{\"@type\":\"ReadAction\",\"target\":[\"https:\/\/bodhinautic.com\/tienda\/en\/producto\/hydrosport-coach-rib-595\/\"]}]},{\"@type\":\"ImageObject\",\"inLanguage\":\"en-US\",\"@id\":\"https:\/\/bodhinautic.com\/tienda\/en\/producto\/hydrosport-coach-rib-595\/#primaryimage\",\"url\":\"https:\/\/bodhinautic.com\/tienda\/wp-content\/uploads\/2025\/03\/1766765577832.jpg\",\"contentUrl\":\"https:\/\/bodhinautic.com\/tienda\/wp-content\/uploads\/2025\/03\/1766765577832.jpg\",\"width\":2368,\"height\":1728},{\"@type\":\"BreadcrumbList\",\"@id\":\"https:\/\/bodhinautic.com\/tienda\/en\/producto\/hydrosport-coach-rib-595\/#breadcrumb\",\"itemListElement\":[{\"@type\":\"ListItem\",\"position\":1,\"name\":\"Portada\",\"item\":\"https:\/\/bodhinautic.com\/tienda\/en\/\"},{\"@type\":\"ListItem\",\"position\":2,\"name\":\"Shop\",\"item\":\"https:\/\/bodhinautic.com\/tienda\/en\/\"},{\"@type\":\"ListItem\",\"position\":3,\"name\":\"BodhiRIB 595 by Hydrosport\"}]},{\"@type\":\"WebSite\",\"@id\":\"https:\/\/bodhinautic.com\/tienda\/#website\",\"url\":\"https:\/\/bodhinautic.com\/tienda\/\",\"name\":\"Bodhinautic\",\"description\":\"\",\"publisher\":{\"@id\":\"https:\/\/bodhinautic.com\/tienda\/#organization\"},\"potentialAction\":[{\"@type\":\"SearchAction\",\"target\":{\"@type\":\"EntryPoint\",\"urlTemplate\":\"https:\/\/bodhinautic.com\/tienda\/?s={search_term_string}\"},\"query-input\":{\"@type\":\"PropertyValueSpecification\",\"valueRequired\":true,\"valueName\":\"search_term_string\"}}],\"inLanguage\":\"en-US\"},{\"@type\":\"Organization\",\"@id\":\"https:\/\/bodhinautic.com\/tienda\/#organization\",\"name\":\"Bodhinautic\",\"url\":\"https:\/\/bodhinautic.com\/tienda\/\",\"logo\":{\"@type\":\"ImageObject\",\"inLanguage\":\"en-US\",\"@id\":\"https:\/\/bodhinautic.com\/tienda\/#\/schema\/logo\/image\/\",\"url\":\"https:\/\/bodhinautic.com\/wp-content\/uploads\/2024\/01\/BN_LOGO_nuevo.png\",\"contentUrl\":\"https:\/\/bodhinautic.com\/wp-content\/uploads\/2024\/01\/BN_LOGO_nuevo.png\",\"width\":600,\"height\":247,\"caption\":\"Bodhinautic\"},\"image\":{\"@id\":\"https:\/\/bodhinautic.com\/tienda\/#\/schema\/logo\/image\/\"}}]}<\/script>\n<!-- \/ Yoast SEO plugin. -->","yoast_head_json":{"title":"BodhiRIB 595 by Hydrosport - Bodhinautic","description":"\u00c1gil, r\u00e1pida y personalizable, la Hydrosport 595 es ideal para iniciarse en la navegaci\u00f3n. Calidad premium, estabilidad y velocidad de hasta 30 nudos.","robots":{"index":"index","follow":"follow","max-snippet":"max-snippet:-1","max-image-preview":"max-image-preview:large","max-video-preview":"max-video-preview:-1"},"canonical":"https:\/\/bodhinautic.com\/tienda\/en\/producto\/hydrosport-coach-rib-595\/","og_locale":"en_US","og_type":"article","og_title":"BodhiRIB 595 by Hydrosport - Bodhinautic","og_description":"\u00c1gil, r\u00e1pida y personalizable, la Hydrosport 595 es ideal para iniciarse en la navegaci\u00f3n. Calidad premium, estabilidad y velocidad de hasta 30 nudos.","og_url":"https:\/\/bodhinautic.com\/tienda\/en\/producto\/hydrosport-coach-rib-595\/","og_site_name":"Bodhinautic","article_modified_time":"2026-01-29T15:48:02+00:00","og_image":[{"width":1024,"height":747,"url":"https:\/\/bodhinautic.com\/tienda\/wp-content\/uploads\/2025\/03\/1766765577832-1024x747.jpg","type":"image\/jpeg"}],"twitter_card":"summary_large_image","twitter_misc":{"Est. reading time":"1 minute"},"schema":{"@context":"https:\/\/schema.org","@graph":[{"@type":"WebPage","@id":"https:\/\/bodhinautic.com\/tienda\/en\/producto\/hydrosport-coach-rib-595\/","url":"https:\/\/bodhinautic.com\/tienda\/en\/producto\/hydrosport-coach-rib-595\/","name":"BodhiRIB 595 by Hydrosport - Bodhinautic","isPartOf":{"@id":"https:\/\/bodhinautic.com\/tienda\/#website"},"primaryImageOfPage":{"@id":"https:\/\/bodhinautic.com\/tienda\/en\/producto\/hydrosport-coach-rib-595\/#primaryimage"},"image":{"@id":"https:\/\/bodhinautic.com\/tienda\/en\/producto\/hydrosport-coach-rib-595\/#primaryimage"},"thumbnailUrl":"https:\/\/bodhinautic.com\/tienda\/wp-content\/uploads\/2025\/03\/1766765577832.jpg","datePublished":"2025-03-07T15:58:52+00:00","dateModified":"2026-01-29T15:48:02+00:00","description":"\u00c1gil, r\u00e1pida y personalizable, la Hydrosport 595 es ideal para iniciarse en la navegaci\u00f3n. Calidad premium, estabilidad y velocidad de hasta 30 nudos.","breadcrumb":{"@id":"https:\/\/bodhinautic.com\/tienda\/en\/producto\/hydrosport-coach-rib-595\/#breadcrumb"},"inLanguage":"en-US","potentialAction":[{"@type":"ReadAction","target":["https:\/\/bodhinautic.com\/tienda\/en\/producto\/hydrosport-coach-rib-595\/"]}]},{"@type":"ImageObject","inLanguage":"en-US","@id":"https:\/\/bodhinautic.com\/tienda\/en\/producto\/hydrosport-coach-rib-595\/#primaryimage","url":"https:\/\/bodhinautic.com\/tienda\/wp-content\/uploads\/2025\/03\/1766765577832.jpg","contentUrl":"https:\/\/bodhinautic.com\/tienda\/wp-content\/uploads\/2025\/03\/1766765577832.jpg","width":2368,"height":1728},{"@type":"BreadcrumbList","@id":"https:\/\/bodhinautic.com\/tienda\/en\/producto\/hydrosport-coach-rib-595\/#breadcrumb","itemListElement":[{"@type":"ListItem","position":1,"name":"Portada","item":"https:\/\/bodhinautic.com\/tienda\/en\/"},{"@type":"ListItem","position":2,"name":"Shop","item":"https:\/\/bodhinautic.com\/tienda\/en\/"},{"@type":"ListItem","position":3,"name":"BodhiRIB 595 by Hydrosport"}]},{"@type":"WebSite","@id":"https:\/\/bodhinautic.com\/tienda\/#website","url":"https:\/\/bodhinautic.com\/tienda\/","name":"Bodhinautic","description":"","publisher":{"@id":"https:\/\/bodhinautic.com\/tienda\/#organization"},"potentialAction":[{"@type":"SearchAction","target":{"@type":"EntryPoint","urlTemplate":"https:\/\/bodhinautic.com\/tienda\/?s={search_term_string}"},"query-input":{"@type":"PropertyValueSpecification","valueRequired":true,"valueName":"search_term_string"}}],"inLanguage":"en-US"},{"@type":"Organization","@id":"https:\/\/bodhinautic.com\/tienda\/#organization","name":"Bodhinautic","url":"https:\/\/bodhinautic.com\/tienda\/","logo":{"@type":"ImageObject","inLanguage":"en-US","@id":"https:\/\/bodhinautic.com\/tienda\/#\/schema\/logo\/image\/","url":"https:\/\/bodhinautic.com\/wp-content\/uploads\/2024\/01\/BN_LOGO_nuevo.png","contentUrl":"https:\/\/bodhinautic.com\/wp-content\/uploads\/2024\/01\/BN_LOGO_nuevo.png","width":600,"height":247,"caption":"Bodhinautic"},"image":{"@id":"https:\/\/bodhinautic.com\/tienda\/#\/schema\/logo\/image\/"}}]}},"_links":{"self":[{"href":"https:\/\/bodhinautic.com\/tienda\/en\/wp-json\/wp\/v2\/product\/2977","targetHints":{"allow":["GET"]}}],"collection":[{"href":"https:\/\/bodhinautic.com\/tienda\/en\/wp-json\/wp\/v2\/product"}],"about":[{"href":"https:\/\/bodhinautic.com\/tienda\/en\/wp-json\/wp\/v2\/types\/product"}],"wp:featuredmedia":[{"embeddable":true,"href":"https:\/\/bodhinautic.com\/tienda\/en\/wp-json\/wp\/v2\/media\/4093"}],"wp:attachment":[{"href":"https:\/\/bodhinautic.com\/tienda\/en\/wp-json\/wp\/v2\/media?parent=2977"}],"wp:term":[{"taxonomy":"product_brand","embeddable":true,"href":"https:\/\/bodhinautic.com\/tienda\/en\/wp-json\/wp\/v2\/product_brand?post=2977"},{"taxonomy":"product_cat","embeddable":true,"href":"https:\/\/bodhinautic.com\/tienda\/en\/wp-json\/wp\/v2\/product_cat?post=2977"},{"taxonomy":"product_tag","embeddable":true,"href":"https:\/\/bodhinautic.com\/tienda\/en\/wp-json\/wp\/v2\/product_tag?post=2977"}],"curies":[{"name":"wp","href":"https:\/\/api.w.org\/{rel}","templated":true}]}}